{"id":5011,"date":"2024-04-03T09:40:35","date_gmt":"2024-04-03T07:40:35","guid":{"rendered":"https:\/\/www.aurakarwendel.com\/?page_id=5011"},"modified":"2024-04-03T17:32:32","modified_gmt":"2024-04-03T15:32:32","slug":"activities","status":"publish","type":"page","link":"https:\/\/www.aurakarwendel.com\/en\/activities\/","title":{"rendered":"Activities"},"content":{"rendered":"<div data-elementor-type=\"wp-page\" data-elementor-id=\"5011\" class=\"elementor elementor-5011\" data-elementor-post-type=\"page\">\n\t\t\t\t\t\t<section class=\"elementor-section elementor-top-section elementor-element elementor-element-5f841159 elementor-section-boxed elementor-section-height-default elementor-section-height-default\" data-id=\"5f841159\" data-element_type=\"section\" data-e-type=\"section\">\n\t\t\t\t\t\t<div class=\"elementor-container elementor-column-gap-default\">\n\t\t\t\t\t<div class=\"elementor-column elementor-col-100 elementor-top-column elementor-element elementor-element-2684a670\" data-id=\"2684a670\" data-element_type=\"column\" data-e-type=\"column\">\n\t\t\t<div class=\"elementor-widget-wrap elementor-element-populated\">\n\t\t\t\t\t\t<div class=\"elementor-element elementor-element-42bbe823 elementor-widget elementor-widget-spacer\" data-id=\"42bbe823\" data-element_type=\"widget\" data-e-type=\"widget\" data-widget_type=\"spacer.default\">\n\t\t\t\t<div class=\"elementor-widget-container\">\n\t\t\t\t\t\t\t<div class=\"elementor-spacer\">\n\t\t\t<div class=\"elementor-spacer-inner\"><\/div>\n\t\t<\/div>\n\t\t\t\t\t\t<\/div>\n\t\t\t\t<\/div>\n\t\t\t\t<div class=\"elementor-element elementor-element-dd2cbf7 elementor-widget__width-initial elementor-widget elementor-widget-heading\" data-id=\"dd2cbf7\" data-element_type=\"widget\" data-e-type=\"widget\" data-widget_type=\"heading.default\">\n\t\t\t\t<div class=\"elementor-widget-container\">\n\t\t\t\t\t<h2 class=\"elementor-heading-title elementor-size-default\">ACTIVITIES IN AND AROUND SCHARNITZ<\/h2>\t\t\t\t<\/div>\n\t\t\t\t<\/div>\n\t\t\t\t<div class=\"elementor-element elementor-element-1b7d5e46 elementor-widget elementor-widget-text-editor\" data-id=\"1b7d5e46\" data-element_type=\"widget\" data-e-type=\"widget\" data-widget_type=\"text-editor.default\">\n\t\t\t\t<div class=\"elementor-widget-container\">\n\t\t\t\t\t\t\t\t\t<p>Region Seefeld in Tirol \u2013 Tirols Hochplateau<\/p>\t\t\t\t\t\t\t\t<\/div>\n\t\t\t\t<\/div>\n\t\t\t\t<div class=\"elementor-element elementor-element-5b8bc4e elementor-widget elementor-widget-text-editor\" data-id=\"5b8bc4e\" data-element_type=\"widget\" data-e-type=\"widget\" data-widget_type=\"text-editor.default\">\n\t\t\t\t<div class=\"elementor-widget-container\">\n\t\t\t\t\t\t\t\t\t<p>Here you will find hikes, bike tours, huts and much more. You can use the filters to select locations and activities.<\/p>\t\t\t\t\t\t\t\t<\/div>\n\t\t\t\t<\/div>\n\t\t\t\t<div class=\"elementor-element elementor-element-16c4246 elementor-widget-divider--view-line elementor-widget elementor-widget-divider\" data-id=\"16c4246\" data-element_type=\"widget\" data-e-type=\"widget\" data-widget_type=\"divider.default\">\n\t\t\t\t<div class=\"elementor-widget-container\">\n\t\t\t\t\t\t\t<div class=\"elementor-divider\">\n\t\t\t<span class=\"elementor-divider-separator\">\n\t\t\t\t\t\t<\/span>\n\t\t<\/div>\n\t\t\t\t\t\t<\/div>\n\t\t\t\t<\/div>\n\t\t\t\t\t<\/div>\n\t\t<\/div>\n\t\t\t\t\t<\/div>\n\t\t<\/section>\n\t\t\t\t<section class=\"elementor-section elementor-top-section elementor-element elementor-element-ac15b7a elementor-section-boxed elementor-section-height-default elementor-section-height-default\" data-id=\"ac15b7a\" data-element_type=\"section\" data-e-type=\"section\">\n\t\t\t\t\t\t<div class=\"elementor-container elementor-column-gap-default\">\n\t\t\t\t\t<div class=\"elementor-column elementor-col-100 elementor-top-column elementor-element elementor-element-5ce3ea7\" data-id=\"5ce3ea7\" data-element_type=\"column\" data-e-type=\"column\">\n\t\t\t<div class=\"elementor-widget-wrap elementor-element-populated\">\n\t\t\t\t\t\t<div class=\"elementor-element elementor-element-5f9e1f3 elementor-widget__width-initial elementor-widget elementor-widget-html\" data-id=\"5f9e1f3\" data-element_type=\"widget\" data-e-type=\"widget\" data-no-translation=\"\" data-widget_type=\"html.default\">\n\t\t\t\t<div class=\"elementor-widget-container\">\n\t\t\t\t\t<style>.elementor-element-5f9e1f3{display:none !important}<\/style>\t\t\t\t<\/div>\n\t\t\t\t<\/div>\n\t\t\t\t\t<\/div>\n\t\t<\/div>\n\t\t\t\t\t<\/div>\n\t\t<\/section>\n\t\t\t\t<section class=\"elementor-section elementor-top-section elementor-element elementor-element-bad30f6 elementor-section-boxed elementor-section-height-default elementor-section-height-default\" data-id=\"bad30f6\" data-element_type=\"section\" data-e-type=\"section\">\n\t\t\t\t\t\t<div class=\"elementor-container elementor-column-gap-default\">\n\t\t\t\t\t<div class=\"elementor-column elementor-col-100 elementor-top-column elementor-element elementor-element-efa6ccf\" data-id=\"efa6ccf\" data-element_type=\"column\" data-e-type=\"column\">\n\t\t\t<div class=\"elementor-widget-wrap elementor-element-populated\">\n\t\t\t\t\t\t<div class=\"elementor-element elementor-element-c52bab2 elementor-widget__width-initial elementor-widget elementor-widget-html\" data-id=\"c52bab2\" data-element_type=\"widget\" data-e-type=\"widget\" data-no-translation=\"\" data-widget_type=\"html.default\">\n\t\t\t\t<div class=\"elementor-widget-container\">\n\t\t\t\t\t<div class=\"mco-widget-tours\" data-token=\"Er4Y_tCuC39p4m0ZYrC4C0OZdw7mstRXl5c79oJK70BX0\" data-id=\"2\"><\/div>\r\n<script src=\"https:\/\/widgets.seefeld.com\/static\/widgets\/js\/widget-tours.js\"><\/script>\t\t\t\t<\/div>\n\t\t\t\t<\/div>\n\t\t\t\t\t<\/div>\n\t\t<\/div>\n\t\t\t\t\t<\/div>\n\t\t<\/section>\n\t\t\t\t<section class=\"elementor-section elementor-top-section elementor-element elementor-element-1666fce8 elementor-section-boxed elementor-section-height-default elementor-section-height-default\" data-id=\"1666fce8\" data-element_type=\"section\" data-e-type=\"section\" data-settings=\"{&quot;background_background&quot;:&quot;classic&quot;}\">\n\t\t\t\t\t\t<div class=\"elementor-container elementor-column-gap-default\">\n\t\t\t\t\t<div class=\"elementor-column elementor-col-100 elementor-top-column elementor-element elementor-element-3858d8f0\" data-id=\"3858d8f0\" data-element_type=\"column\" data-e-type=\"column\">\n\t\t\t<div class=\"elementor-widget-wrap elementor-element-populated\">\n\t\t\t\t\t\t<div class=\"elementor-element elementor-element-712f9e08 elementor-widget elementor-widget-text-editor\" data-id=\"712f9e08\" data-element_type=\"widget\" data-e-type=\"widget\" data-widget_type=\"text-editor.default\">\n\t\t\t\t<div class=\"elementor-widget-container\">\n\t\t\t\t\t\t\t\t\t<p>We will of course be happy to give you more tips.\u00a0<\/p><p>You can find a great map of Tyrol's high plateau with all the routes in the region <span style=\"text-decoration: underline;\"><strong><a href=\"http:\/\/maps.seefeld.com\/en\" target=\"_blank\" rel=\"noopener\">here<\/a><\/strong><\/span>.\u00a0<\/p>\t\t\t\t\t\t\t\t<\/div>\n\t\t\t\t<\/div>\n\t\t\t\t\t<\/div>\n\t\t<\/div>\n\t\t\t\t\t<\/div>\n\t\t<\/section>\n\t\t\t\t<\/div>","protected":false},"excerpt":{"rendered":"<p>AKTIVIT\u00c4TEN IN UND UM SCHARNITZ Region Seefeld in Tirol &#8211; Tirols Hochplateau Hier findest du Wanderungen, Biketouren, H\u00fctten und vieles mehr. \u00dcber die Filterauswahl kannst du nach Orten und Aktivit\u00e4ten selektieren. Weitere Tipps bekommst du nat\u00fcrlich gerne von uns.\u00a0 Eine tolle Karte von Tirols Hochplateau mit allen Routen in der Region findest du hier.\u00a0<\/p>","protected":false},"author":1,"featured_media":0,"parent":0,"menu_order":0,"comment_status":"closed","ping_status":"closed","template":"","meta":{"site-sidebar-layout":"no-sidebar","site-content-layout":"page-builder","ast-site-content-layout":"full-width-container","site-content-style":"default","site-sidebar-style":"default","ast-global-header-display":"","ast-banner-title-visibility":"","ast-main-header-display":"","ast-hfb-above-header-display":"","ast-hfb-below-header-display":"","ast-hfb-mobile-header-display":"","site-post-title":"disabled","ast-breadcrumbs-content":"","ast-featured-img":"disabled","footer-sml-layout":"","theme-transparent-header-meta":"","adv-header-id-meta":"","stick-header-meta":"","header-above-stick-meta":"","header-main-stick-meta":"","header-below-stick-meta":"","astra-migrate-meta-layouts":"set","ast-page-background-enabled":"default","ast-page-background-meta":{"desktop":{"background-color":"","background-image":"","background-repeat":"repeat","background-position":"center center","background-size":"auto","background-attachment":"scroll","background-type":"","background-media":"","overlay-type":"","overlay-color":"","overlay-opacity":"","overlay-gradient":""},"tablet":{"background-color":"","background-image":"","background-repeat":"repeat","background-position":"center center","background-size":"auto","background-attachment":"scroll","background-type":"","background-media":"","overlay-type":"","overlay-color":"","overlay-opacity":"","overlay-gradient":""},"mobile":{"background-color":"","background-image":"","background-repeat":"repeat","background-position":"center center","background-size":"auto","background-attachment":"scroll","background-type":"","background-media":"","overlay-type":"","overlay-color":"","overlay-opacity":"","overlay-gradient":""}},"ast-content-background-meta":{"desktop":{"background-color":"var(--ast-global-color-5)","background-image":"","background-repeat":"repeat","background-position":"center center","background-size":"auto","background-attachment":"scroll","background-type":"","background-media":"","overlay-type":"","overlay-color":"","overlay-opacity":"","overlay-gradient":""},"tablet":{"background-color":"var(--ast-global-color-5)","background-image":"","background-repeat":"repeat","background-position":"center center","background-size":"auto","background-attachment":"scroll","background-type":"","background-media":"","overlay-type":"","overlay-color":"","overlay-opacity":"","overlay-gradient":""},"mobile":{"background-color":"var(--ast-global-color-5)","background-image":"","background-repeat":"repeat","background-position":"center center","background-size":"auto","background-attachment":"scroll","background-type":"","background-media":"","overlay-type":"","overlay-color":"","overlay-opacity":"","overlay-gradient":""}},"footnotes":""},"class_list":["post-5011","page","type-page","status-publish","hentry"],"yoast_head":"<!-- This site is optimized with the Yoast SEO plugin v27.6 - https:\/\/yoast.com\/product\/yoast-seo-wordpress\/ -->\n<title>Aktivit\u00e4ten - AURA Karwendel<\/title>\n<meta name=\"robots\" content=\"noindex, nofollow\" \/>\n<meta property=\"og:locale\" content=\"en_GB\" \/>\n<meta property=\"og:type\" content=\"article\" \/>\n<meta property=\"og:title\" content=\"Aktivit\u00e4ten - AURA Karwendel\" \/>\n<meta property=\"og:description\" content=\"AKTIVIT\u00c4TEN IN UND UM SCHARNITZ Region Seefeld in Tirol &#8211; Tirols Hochplateau Hier findest du Wanderungen, Biketouren, H\u00fctten und vieles mehr. \u00dcber die Filterauswahl kannst du nach Orten und Aktivit\u00e4ten selektieren. Weitere Tipps bekommst du nat\u00fcrlich gerne von uns.\u00a0 Eine tolle Karte von Tirols Hochplateau mit allen Routen in der Region findest du hier.\u00a0\" \/>\n<meta property=\"og:url\" content=\"https:\/\/www.aurakarwendel.com\/en\/activities\/\" \/>\n<meta property=\"og:site_name\" content=\"AURA Karwendel\" \/>\n<meta property=\"article:modified_time\" content=\"2024-04-03T15:32:32+00:00\" \/>\n<meta property=\"og:image\" content=\"https:\/\/www.aurakarwendel.com\/wp-content\/uploads\/2021\/12\/aurakarwendel.png\" \/>\n\t<meta property=\"og:image:width\" content=\"300\" \/>\n\t<meta property=\"og:image:height\" content=\"300\" \/>\n\t<meta property=\"og:image:type\" content=\"image\/png\" \/>\n<meta name=\"twitter:card\" content=\"summary_large_image\" \/>\n<script type=\"application\/ld+json\" class=\"yoast-schema-graph\">{\"@context\":\"https:\\\/\\\/schema.org\",\"@graph\":[{\"@type\":\"WebPage\",\"@id\":\"https:\\\/\\\/www.aurakarwendel.com\\\/activities\\\/\",\"url\":\"https:\\\/\\\/www.aurakarwendel.com\\\/activities\\\/\",\"name\":\"Aktivit\u00e4ten - AURA Karwendel\",\"isPartOf\":{\"@id\":\"https:\\\/\\\/www.aurakarwendel.com\\\/#website\"},\"datePublished\":\"2024-04-03T07:40:35+00:00\",\"dateModified\":\"2024-04-03T15:32:32+00:00\",\"breadcrumb\":{\"@id\":\"https:\\\/\\\/www.aurakarwendel.com\\\/activities\\\/#breadcrumb\"},\"inLanguage\":\"en-GB\",\"potentialAction\":[{\"@type\":\"ReadAction\",\"target\":[\"https:\\\/\\\/www.aurakarwendel.com\\\/activities\\\/\"]}]},{\"@type\":\"BreadcrumbList\",\"@id\":\"https:\\\/\\\/www.aurakarwendel.com\\\/activities\\\/#breadcrumb\",\"itemListElement\":[{\"@type\":\"ListItem\",\"position\":1,\"name\":\"Home\",\"item\":\"https:\\\/\\\/www.aurakarwendel.com\\\/\"},{\"@type\":\"ListItem\",\"position\":2,\"name\":\"Aktivit\u00e4ten\"}]},{\"@type\":\"WebSite\",\"@id\":\"https:\\\/\\\/www.aurakarwendel.com\\\/#website\",\"url\":\"https:\\\/\\\/www.aurakarwendel.com\\\/\",\"name\":\"AURA Karwendel\",\"description\":\"Ferienhaus in Scharnitz\",\"publisher\":{\"@id\":\"https:\\\/\\\/www.aurakarwendel.com\\\/#organization\"},\"potentialAction\":[{\"@type\":\"SearchAction\",\"target\":{\"@type\":\"EntryPoint\",\"urlTemplate\":\"https:\\\/\\\/www.aurakarwendel.com\\\/?s={search_term_string}\"},\"query-input\":{\"@type\":\"PropertyValueSpecification\",\"valueRequired\":true,\"valueName\":\"search_term_string\"}}],\"inLanguage\":\"en-GB\"},{\"@type\":\"Organization\",\"@id\":\"https:\\\/\\\/www.aurakarwendel.com\\\/#organization\",\"name\":\"AURA Karwendel\",\"url\":\"https:\\\/\\\/www.aurakarwendel.com\\\/\",\"logo\":{\"@type\":\"ImageObject\",\"inLanguage\":\"en-GB\",\"@id\":\"https:\\\/\\\/www.aurakarwendel.com\\\/#\\\/schema\\\/logo\\\/image\\\/\",\"url\":\"https:\\\/\\\/www.aurakarwendel.com\\\/wp-content\\\/uploads\\\/2023\\\/02\\\/AURA_Karwendel_Logo_square3.png\",\"contentUrl\":\"https:\\\/\\\/www.aurakarwendel.com\\\/wp-content\\\/uploads\\\/2023\\\/02\\\/AURA_Karwendel_Logo_square3.png\",\"width\":4167,\"height\":4167,\"caption\":\"AURA Karwendel\"},\"image\":{\"@id\":\"https:\\\/\\\/www.aurakarwendel.com\\\/#\\\/schema\\\/logo\\\/image\\\/\"}}]}<\/script>\n<!-- \/ Yoast SEO plugin. -->","yoast_head_json":{"title":"Aktivit\u00e4ten - AURA Karwendel","robots":{"index":"noindex","follow":"nofollow"},"og_locale":"en_GB","og_type":"article","og_title":"Aktivit\u00e4ten - AURA Karwendel","og_description":"AKTIVIT\u00c4TEN IN UND UM SCHARNITZ Region Seefeld in Tirol &#8211; Tirols Hochplateau Hier findest du Wanderungen, Biketouren, H\u00fctten und vieles mehr. \u00dcber die Filterauswahl kannst du nach Orten und Aktivit\u00e4ten selektieren. Weitere Tipps bekommst du nat\u00fcrlich gerne von uns.\u00a0 Eine tolle Karte von Tirols Hochplateau mit allen Routen in der Region findest du hier.\u00a0","og_url":"https:\/\/www.aurakarwendel.com\/en\/activities\/","og_site_name":"AURA Karwendel","article_modified_time":"2024-04-03T15:32:32+00:00","og_image":[{"width":300,"height":300,"url":"https:\/\/www.aurakarwendel.com\/wp-content\/uploads\/2021\/12\/aurakarwendel.png","type":"image\/png"}],"twitter_card":"summary_large_image","schema":{"@context":"https:\/\/schema.org","@graph":[{"@type":"WebPage","@id":"https:\/\/www.aurakarwendel.com\/activities\/","url":"https:\/\/www.aurakarwendel.com\/activities\/","name":"Aktivit\u00e4ten - AURA Karwendel","isPartOf":{"@id":"https:\/\/www.aurakarwendel.com\/#website"},"datePublished":"2024-04-03T07:40:35+00:00","dateModified":"2024-04-03T15:32:32+00:00","breadcrumb":{"@id":"https:\/\/www.aurakarwendel.com\/activities\/#breadcrumb"},"inLanguage":"en-GB","potentialAction":[{"@type":"ReadAction","target":["https:\/\/www.aurakarwendel.com\/activities\/"]}]},{"@type":"BreadcrumbList","@id":"https:\/\/www.aurakarwendel.com\/activities\/#breadcrumb","itemListElement":[{"@type":"ListItem","position":1,"name":"Home","item":"https:\/\/www.aurakarwendel.com\/"},{"@type":"ListItem","position":2,"name":"Aktivit\u00e4ten"}]},{"@type":"WebSite","@id":"https:\/\/www.aurakarwendel.com\/#website","url":"https:\/\/www.aurakarwendel.com\/","name":"AURA Karwendel","description":"Ferienhaus in Scharnitz","publisher":{"@id":"https:\/\/www.aurakarwendel.com\/#organization"},"potentialAction":[{"@type":"SearchAction","target":{"@type":"EntryPoint","urlTemplate":"https:\/\/www.aurakarwendel.com\/?s={search_term_string}"},"query-input":{"@type":"PropertyValueSpecification","valueRequired":true,"valueName":"search_term_string"}}],"inLanguage":"en-GB"},{"@type":"Organization","@id":"https:\/\/www.aurakarwendel.com\/#organization","name":"AURA Karwendel","url":"https:\/\/www.aurakarwendel.com\/","logo":{"@type":"ImageObject","inLanguage":"en-GB","@id":"https:\/\/www.aurakarwendel.com\/#\/schema\/logo\/image\/","url":"https:\/\/www.aurakarwendel.com\/wp-content\/uploads\/2023\/02\/AURA_Karwendel_Logo_square3.png","contentUrl":"https:\/\/www.aurakarwendel.com\/wp-content\/uploads\/2023\/02\/AURA_Karwendel_Logo_square3.png","width":4167,"height":4167,"caption":"AURA Karwendel"},"image":{"@id":"https:\/\/www.aurakarwendel.com\/#\/schema\/logo\/image\/"}}]}},"_links":{"self":[{"href":"https:\/\/www.aurakarwendel.com\/en\/wp-json\/wp\/v2\/pages\/5011","targetHints":{"allow":["GET"]}}],"collection":[{"href":"https:\/\/www.aurakarwendel.com\/en\/wp-json\/wp\/v2\/pages"}],"about":[{"href":"https:\/\/www.aurakarwendel.com\/en\/wp-json\/wp\/v2\/types\/page"}],"author":[{"embeddable":true,"href":"https:\/\/www.aurakarwendel.com\/en\/wp-json\/wp\/v2\/users\/1"}],"replies":[{"embeddable":true,"href":"https:\/\/www.aurakarwendel.com\/en\/wp-json\/wp\/v2\/comments?post=5011"}],"version-history":[{"count":50,"href":"https:\/\/www.aurakarwendel.com\/en\/wp-json\/wp\/v2\/pages\/5011\/revisions"}],"predecessor-version":[{"id":5062,"href":"https:\/\/www.aurakarwendel.com\/en\/wp-json\/wp\/v2\/pages\/5011\/revisions\/5062"}],"wp:attachment":[{"href":"https:\/\/www.aurakarwendel.com\/en\/wp-json\/wp\/v2\/media?parent=5011"}],"curies":[{"name":"wp","href":"https:\/\/api.w.org\/{rel}","templated":true}]}}